{"id":60608,"date":"2021-09-10T15:03:48","date_gmt":"2021-09-10T13:03:48","guid":{"rendered":"https:\/\/www.efcom.de\/solicitar-informacion\/"},"modified":"2022-05-16T17:29:49","modified_gmt":"2022-05-16T15:29:49","slug":"solicitar-informacion","status":"publish","type":"page","link":"https:\/\/www.efcom.de\/es\/solicitar-informacion\/","title":{"rendered":"Solicitar informaci\u00f3n"},"content":{"rendered":"<div class=\"wpb-content-wrapper\"><p>[vc_row full_width=\u00bbstretch_row_content_no_spaces\u00bb bg_type=\u00bbimage\u00bb parallax_style=\u00bbvcpb-default\u00bb bg_image_new=\u00bbid^53386|url^http:\/\/www.efcom.de\/wp-content\/uploads\/2019\/02\/HIntergrund_gr\u00fcn_01-1.png|caption^null|alt^null|title^HIntergrund_gr\u00fcn_01|description^null\u00bb bg_img_attach=\u00bbfixed\u00bb enable_overlay=\u00bbenable_overlay_value\u00bb overlay_color=\u00bbrgba(0,0,0,0.15)\u00bb overlay_pattern=\u00bbtransperant\u00bb multi_color_overlay=\u00bbuvc-multi-color-bg\u00bb multi_color_overlay_opacity=\u00bb10&#8243; css=\u00bb.vc_custom_1614185685723{margin-top: -70px !important;}\u00bb][vc_column][rev_slider_vc alias=\u00bbinfo-anfordern_en-1&#8243;][\/vc_column][\/vc_row][vc_row][vc_column][vc_row_inner][vc_column_inner width=\u00bb1\/5&#8243;][\/vc_column_inner][vc_column_inner width=\u00bb3\/5&#8243; css=\u00bb.vc_custom_1652713510628{padding-top: 50px !important;padding-right: 8% !important;padding-left: 8% !important;background-color: #7ec385 !important;background-position: center !important;background-repeat: no-repeat !important;background-size: cover !important;border-radius: 2px !important;}\u00bb]<div id=\"ultimate-heading-71369ecd358af1ab\" class=\"uvc-heading ult-adjust-bottom-margin ultimate-heading-71369ecd358af1ab uvc-3353  uvc-heading-default-font-sizes\" data-hspacer=\"no_spacer\"  data-halign=\"center\" style=\"text-align:center\"><div class=\"uvc-heading-spacer no_spacer\" style=\"top\"><\/div><div class=\"uvc-main-heading ult-responsive\"  data-ultimate-target='.uvc-heading.ultimate-heading-71369ecd358af1ab h2'  data-responsive-json-new='{\"font-size\":\"\",\"line-height\":\"\"}' ><h2 style=\"font-family:&#039;Roboto Condensed&#039;;font-weight:300;color:#ffffff;margin-bottom:50px;\">Me gustar\u00eda recibir m\u00e1s informaci\u00f3n sobre ef3 y efOnline.<\/h2><\/div><\/div>[vc_column_text]<div class='fluentform ff-default fluentform_wrapper_10 ffs_default_wrap'><form data-form_id=\"10\" id=\"fluentform_10\" class=\"frm-fluent-form fluent_form_10 ff-el-form-top ff_form_instance_10_1 ff-form-loading ffs_default\" data-form_instance=\"ff_form_instance_10_1\" method=\"POST\" ><fieldset  style=\"border: none!important;margin: 0!important;padding: 0!important;background-color: transparent!important;box-shadow: none!important;outline: none!important; min-inline-size: 100%;\">\n                    <legend class=\"ff_screen_reader_title\" style=\"display: block; margin: 0!important;padding: 0!important;height: 0!important;text-indent: -999999px;width: 0!important;overflow:hidden;\">Info anfordern ES<\/legend><input type='hidden' name='__fluent_form_embded_post_id' value='60608' \/><input type=\"hidden\" id=\"_fluentform_10_fluentformnonce\" name=\"_fluentform_10_fluentformnonce\" value=\"378dd6c131\" \/><input type=\"hidden\" name=\"_wp_http_referer\" value=\"\/es\/wp-json\/wp\/v2\/pages\/60608\" \/><div data-type=\"name-element\" data-name=\"names\" class=\" ff-field_container ff-name-field-wrapper\" ><div class='ff-t-container'><div class='ff-t-cell '><div class='ff-el-group'><div class=\"ff-el-input--label ff-el-is-required asterisk-right\"><label for='ff_10_names_first_name_' id='label_ff_10_names_first_name_' >Nombre<\/label><\/div><div class='ff-el-input--content'><input type=\"text\" name=\"names[first_name]\" id=\"ff_10_names_first_name_\" class=\"ff-el-form-control\" placeholder=\"Nombre\" aria-invalid=\"false\" aria-required=true><\/div><\/div><\/div><div class='ff-t-cell '><div class='ff-el-group'><div class=\"ff-el-input--label ff-el-is-required asterisk-right\"><label for='ff_10_names_last_name_' id='label_ff_10_names_last_name_' >Apellido<\/label><\/div><div class='ff-el-input--content'><input type=\"text\" name=\"names[last_name]\" id=\"ff_10_names_last_name_\" class=\"ff-el-form-control\" placeholder=\"Apellido\" aria-invalid=\"false\" aria-required=true><\/div><\/div><\/div><\/div><\/div><div class='ff-el-group'><div class=\"ff-el-input--label ff-el-is-required asterisk-right\"><label for='ff_10_input_text' id='label_ff_10_input_text' aria-label=\"Empresa\">Empresa<\/label><\/div><div class='ff-el-input--content'><input type=\"text\" name=\"input_text\" class=\"ff-el-form-control\" placeholder=\"Empresa\" data-name=\"input_text\" id=\"ff_10_input_text\"  aria-invalid=\"false\" aria-required=true><\/div><\/div><div class='ff-el-group'><div class=\"ff-el-input--label ff-el-is-required asterisk-right\"><label for='ff_10_input_text_1' id='label_ff_10_input_text_1' aria-label=\"Funci\u00f3n\">Funci\u00f3n<\/label><\/div><div class='ff-el-input--content'><input type=\"text\" name=\"input_text_1\" class=\"ff-el-form-control\" placeholder=\"Funci\u00f3n\" data-name=\"input_text_1\" id=\"ff_10_input_text_1\"  aria-invalid=\"false\" aria-required=true><\/div><\/div><div class='ff-el-group'><div class=\"ff-el-input--label ff-el-is-required asterisk-right\"><label for='ff_10_email' id='label_ff_10_email' aria-label=\"Correo electr\u00f3nico\">Correo electr\u00f3nico<\/label><\/div><div class='ff-el-input--content'><input type=\"email\" name=\"email\" id=\"ff_10_email\" class=\"ff-el-form-control\" placeholder=\"Correo electr\u00f3nico\" data-name=\"email\"  aria-invalid=\"false\" aria-required=true><\/div><\/div><div class='ff-el-group'><div class=\"ff-el-input--label asterisk-right\"><label for='ff_10_subject' id='label_ff_10_subject' aria-label=\"Asunto\">Asunto<\/label><\/div><div class='ff-el-input--content'><input type=\"text\" name=\"subject\" class=\"ff-el-form-control\" placeholder=\"Asunto\" data-name=\"subject\" id=\"ff_10_subject\"  aria-invalid=\"false\" aria-required=false><\/div><\/div><div class='ff-el-group'><div class=\"ff-el-input--label ff-el-is-required asterisk-right\"><label for='ff_10_message' id='label_ff_10_message' aria-label=\"Su mensaje\">Su mensaje<\/label><\/div><div class='ff-el-input--content'><textarea aria-required=\"true\" aria-labelledby=\"label_ff_10_message\" name=\"message\" id=\"ff_10_message\" class=\"ff-el-form-control\" placeholder=\"Su mensaje:\" rows=\"4\" cols=\"2\" data-name=\"message\" ><\/textarea><\/div><\/div><div class='ff-el-group ' ><div class='ff-el-input--content ff-el-input--hcaptcha'><div data-fluent_id='10' >\t\t<input\n\t\t\t\ttype=\"hidden\"\n\t\t\t\tclass=\"hcaptcha-widget-id\"\n\t\t\t\tname=\"hcaptcha-widget-id\"\n\t\t\t\tvalue=\"eyJzb3VyY2UiOlsiZmx1ZW50Zm9ybXByb1wvZmx1ZW50Zm9ybXByby5waHAiLCJmbHVlbnRmb3JtXC9mbHVlbnRmb3JtLnBocCJdLCJmb3JtX2lkIjoxMH0=-5463d621c84699348a7a30f09e66e8c4\">\n\t\t\t\t<h-captcha\n\t\t\tclass=\"h-captcha\"\n\t\t\tdata-sitekey=\"feae9bfe-374a-4ab8-bdf0-e7dce48aecd8\"\n\t\t\tdata-theme=\"light\"\n\t\t\tdata-size=\"normal\"\n\t\t\tdata-auto=\"false\"\n\t\t\tdata-ajax=\"false\"\n\t\t\tdata-force=\"true\">\n\t\t<\/h-captcha>\n\t\t<input type=\"hidden\" id=\"hcaptcha_fluentform_nonce\" name=\"hcaptcha_fluentform_nonce\" value=\"a1f4d64027\" \/><input type=\"hidden\" name=\"_wp_http_referer\" value=\"\/es\/wp-json\/wp\/v2\/pages\/60608\" \/><\/div><\/div><\/div><div class='ff-el-group ff-text-left ff_submit_btn_wrapper'><button type=\"submit\" class=\"ff-btn ff-btn-submit ff-btn-md ff_btn_style\"  aria-label=\"Enviar\">Enviar<\/button><\/div><\/fieldset><\/form><div id='fluentform_10_errors' class='ff-errors-in-stack ff_form_instance_10_1 ff-form-loading_errors ff_form_instance_10_1_errors'><\/div><\/div>            <script type=\"text\/javascript\">\n                window.fluent_form_ff_form_instance_10_1 = {\"id\":\"10\",\"ajaxUrl\":\"https:\\\/\\\/www.efcom.de\\\/wp-admin\\\/admin-ajax.php\",\"settings\":{\"layout\":{\"labelPlacement\":\"top\",\"helpMessagePlacement\":\"with_label\",\"errorMessagePlacement\":\"inline\",\"asteriskPlacement\":\"asterisk-right\"},\"id\":\"39\",\"restrictions\":{\"denyEmptySubmission\":{\"enabled\":false}}},\"form_instance\":\"ff_form_instance_10_1\",\"form_id_selector\":\"fluentform_10\",\"rules\":{\"names[first_name]\":{\"required\":{\"value\":true,\"message\":\"Este campo es obligatorio.\",\"global\":false,\"global_message\":\"Dieses Feld ist erforderlich\"}},\"names[middle_name]\":{\"required\":{\"value\":false,\"message\":\"This field is required\",\"global\":false,\"global_message\":\"Dieses Feld ist erforderlich\"}},\"names[last_name]\":{\"required\":{\"value\":true,\"message\":\"Este campo es obligatorio.\",\"global\":false,\"global_message\":\"Dieses Feld ist erforderlich\"}},\"input_text\":{\"required\":{\"value\":true,\"message\":\"Este campo es obligatorio.\",\"global\":false,\"global_message\":\"Dieses Feld ist erforderlich\"}},\"input_text_1\":{\"required\":{\"value\":true,\"message\":\"Este campo es obligatorio.\",\"global\":false,\"global_message\":\"Dieses Feld ist erforderlich\"}},\"email\":{\"required\":{\"value\":true,\"message\":\"Este campo es obligatorio.\",\"global\":false,\"global_message\":\"Dieses Feld ist erforderlich\"},\"email\":{\"value\":true,\"message\":\"Por favor, utilice un formato de correo electr\\u00f3nico v\\u00e1lido.\",\"global\":false,\"global_message\":\"Dieses Feld muss eine g\\u00fcltige E-Mail-Adresse enthalten\"}},\"subject\":{\"required\":{\"value\":false,\"message\":\"This field is required\",\"global\":false,\"global_message\":\"Dieses Feld ist erforderlich\"}},\"message\":{\"required\":{\"value\":true,\"message\":\"Este campo es obligatorio\",\"global\":false,\"global_message\":\"Dieses Feld ist erforderlich\"}},\"h-captcha-response\":[]},\"debounce_time\":300};\n                            <\/script>\n            [\/vc_column_text][\/vc_column_inner][vc_column_inner width=\u00bb1\/5&#8243;][\/vc_column_inner][\/vc_row_inner][\/vc_column][\/vc_row]<\/p>\n<\/div>","protected":false},"excerpt":{"rendered":"<p>[vc_row full_width=\u00bbstretch_row_content_no_spaces\u00bb bg_type=\u00bbimage\u00bb parallax_style=\u00bbvcpb-default\u00bb bg_image_new=\u00bbid^53386|url^http:\/\/www.efcom.de\/wp-content\/uploads\/2019\/02\/HIntergrund_gr\u00fcn_01-1.png|caption^null|alt^null|title^HIntergrund_gr\u00fcn_01|description^null\u00bb bg_img_attach=\u00bbfixed\u00bb enable_overlay=\u00bbenable_overlay_value\u00bb overlay_color=\u00bbrgba(0,0,0,0.15)\u00bb overlay_pattern=\u00bbtransperant\u00bb multi_color_overlay=\u00bbuvc-multi-color-bg\u00bb multi_color_overlay_opacity=\u00bb10&#8243; css=\u00bb.vc_custom_1614185685723{margin-top: -70px !important;}\u00bb][vc_column][rev_slider_vc alias=\u00bbinfo-anfordern_en-1&#8243;][\/vc_column][\/vc_row][vc_row][vc_column][vc_row_inner][vc_column_inner width=\u00bb1\/5&#8243;][\/vc_column_inner][vc_column_inner width=\u00bb3\/5&#8243; css=\u00bb.vc_custom_1652713510628{padding-top: 50px !important;padding-right: 8% !important;padding-left: 8% !important;background-color: #7ec385 !important;background-position: center !important;background-repeat: no-repeat !important;background-size: cover !important;border-radius: 2px !important;}\u00bb][vc_column_text][\/vc_column_text][\/vc_column_inner][vc_column_inner width=\u00bb1\/5&#8243;][\/vc_column_inner][\/vc_row_inner][\/vc_column][\/vc_row]<\/p>\n","protected":false},"author":5,"featured_media":0,"parent":0,"menu_order":0,"comment_status":"closed","ping_status":"closed","template":"","meta":{"yasr_overall_rating":0,"yasr_post_is_review":"","yasr_auto_insert_disabled":"","yasr_review_type":"","footnotes":""},"class_list":["post-60608","page","type-page","status-publish","hentry","description-off"],"yoast_head":"<!-- This site is optimized with the Yoast SEO plugin v27.2 - https:\/\/yoast.com\/product\/yoast-seo-wordpress\/ -->\n<title>Solicitar informaci\u00f3n - efcom gmbh | Proven and efficient standard software for factoring institutes<\/title>\n<meta name=\"description\" content=\"P\u00f3ngase en contacto con nosotros para obtener informaci\u00f3n sobre nuestras soluciones para su negocio de factoring.\" \/>\n<meta name=\"robots\" content=\"index, follow, max-snippet:-1, max-image-preview:large, max-video-preview:-1\" \/>\n<link rel=\"canonical\" href=\"https:\/\/www.efcom.de\/es\/solicitar-informacion\/\" \/>\n<meta property=\"og:locale\" content=\"es_ES\" \/>\n<meta property=\"og:type\" content=\"article\" \/>\n<meta property=\"og:title\" content=\"Solicitar informaci\u00f3n - efcom gmbh | Proven and efficient standard software for factoring institutes\" \/>\n<meta property=\"og:description\" content=\"P\u00f3ngase en contacto con nosotros para obtener informaci\u00f3n sobre nuestras soluciones para su negocio de factoring.\" \/>\n<meta property=\"og:url\" content=\"https:\/\/www.efcom.de\/es\/solicitar-informacion\/\" \/>\n<meta property=\"og:site_name\" content=\"efcom gmbh | Proven and efficient standard software for factoring institutes\" \/>\n<meta property=\"article:modified_time\" content=\"2022-05-16T15:29:49+00:00\" \/>\n<meta name=\"twitter:card\" content=\"summary_large_image\" \/>\n<meta name=\"twitter:site\" content=\"@EfcomG\" \/>\n<meta name=\"twitter:label1\" content=\"Tiempo de lectura\" \/>\n\t<meta name=\"twitter:data1\" content=\"1 minuto\" \/>\n<script type=\"application\/ld+json\" class=\"yoast-schema-graph\">{\"@context\":\"https:\/\/schema.org\",\"@graph\":[{\"@type\":\"WebPage\",\"@id\":\"https:\/\/www.efcom.de\/es\/solicitar-informacion\/\",\"url\":\"https:\/\/www.efcom.de\/es\/solicitar-informacion\/\",\"name\":\"Solicitar informaci\u00f3n - efcom gmbh | Proven and efficient standard software for factoring institutes\",\"isPartOf\":{\"@id\":\"https:\/\/www.efcom.de\/es\/#website\"},\"datePublished\":\"2021-09-10T13:03:48+00:00\",\"dateModified\":\"2022-05-16T15:29:49+00:00\",\"description\":\"P\u00f3ngase en contacto con nosotros para obtener informaci\u00f3n sobre nuestras soluciones para su negocio de factoring.\",\"breadcrumb\":{\"@id\":\"https:\/\/www.efcom.de\/es\/solicitar-informacion\/#breadcrumb\"},\"inLanguage\":\"es\",\"potentialAction\":[{\"@type\":\"ReadAction\",\"target\":[\"https:\/\/www.efcom.de\/es\/solicitar-informacion\/\"]}]},{\"@type\":\"BreadcrumbList\",\"@id\":\"https:\/\/www.efcom.de\/es\/solicitar-informacion\/#breadcrumb\",\"itemListElement\":[{\"@type\":\"ListItem\",\"position\":1,\"name\":\"Startseite\",\"item\":\"https:\/\/www.efcom.de\/es\/\"},{\"@type\":\"ListItem\",\"position\":2,\"name\":\"Solicitar informaci\u00f3n\"}]},{\"@type\":\"WebSite\",\"@id\":\"https:\/\/www.efcom.de\/es\/#website\",\"url\":\"https:\/\/www.efcom.de\/es\/\",\"name\":\"efcom GmbH | The standard of factoring software\",\"description\":\"\",\"potentialAction\":[{\"@type\":\"SearchAction\",\"target\":{\"@type\":\"EntryPoint\",\"urlTemplate\":\"https:\/\/www.efcom.de\/es\/?s={search_term_string}\"},\"query-input\":{\"@type\":\"PropertyValueSpecification\",\"valueRequired\":true,\"valueName\":\"search_term_string\"}}],\"inLanguage\":\"es\"},false]}<\/script>\n<!-- \/ Yoast SEO plugin. -->","yoast_head_json":{"title":"Solicitar informaci\u00f3n - efcom gmbh | Proven and efficient standard software for factoring institutes","description":"P\u00f3ngase en contacto con nosotros para obtener informaci\u00f3n sobre nuestras soluciones para su negocio de factoring.","robots":{"index":"index","follow":"follow","max-snippet":"max-snippet:-1","max-image-preview":"max-image-preview:large","max-video-preview":"max-video-preview:-1"},"canonical":"https:\/\/www.efcom.de\/es\/solicitar-informacion\/","og_locale":"es_ES","og_type":"article","og_title":"Solicitar informaci\u00f3n - efcom gmbh | Proven and efficient standard software for factoring institutes","og_description":"P\u00f3ngase en contacto con nosotros para obtener informaci\u00f3n sobre nuestras soluciones para su negocio de factoring.","og_url":"https:\/\/www.efcom.de\/es\/solicitar-informacion\/","og_site_name":"efcom gmbh | Proven and efficient standard software for factoring institutes","article_modified_time":"2022-05-16T15:29:49+00:00","twitter_card":"summary_large_image","twitter_site":"@EfcomG","twitter_misc":{"Tiempo de lectura":"1 minuto"},"schema":{"@context":"https:\/\/schema.org","@graph":[{"@type":"WebPage","@id":"https:\/\/www.efcom.de\/es\/solicitar-informacion\/","url":"https:\/\/www.efcom.de\/es\/solicitar-informacion\/","name":"Solicitar informaci\u00f3n - efcom gmbh | Proven and efficient standard software for factoring institutes","isPartOf":{"@id":"https:\/\/www.efcom.de\/es\/#website"},"datePublished":"2021-09-10T13:03:48+00:00","dateModified":"2022-05-16T15:29:49+00:00","description":"P\u00f3ngase en contacto con nosotros para obtener informaci\u00f3n sobre nuestras soluciones para su negocio de factoring.","breadcrumb":{"@id":"https:\/\/www.efcom.de\/es\/solicitar-informacion\/#breadcrumb"},"inLanguage":"es","potentialAction":[{"@type":"ReadAction","target":["https:\/\/www.efcom.de\/es\/solicitar-informacion\/"]}]},{"@type":"BreadcrumbList","@id":"https:\/\/www.efcom.de\/es\/solicitar-informacion\/#breadcrumb","itemListElement":[{"@type":"ListItem","position":1,"name":"Startseite","item":"https:\/\/www.efcom.de\/es\/"},{"@type":"ListItem","position":2,"name":"Solicitar informaci\u00f3n"}]},{"@type":"WebSite","@id":"https:\/\/www.efcom.de\/es\/#website","url":"https:\/\/www.efcom.de\/es\/","name":"efcom GmbH | The standard of factoring software","description":"","potentialAction":[{"@type":"SearchAction","target":{"@type":"EntryPoint","urlTemplate":"https:\/\/www.efcom.de\/es\/?s={search_term_string}"},"query-input":{"@type":"PropertyValueSpecification","valueRequired":true,"valueName":"search_term_string"}}],"inLanguage":"es"},false]}},"yasr_visitor_votes":{"stars_attributes":{"read_only":true,"span_bottom":"<div class='yasr-small-block-bold'><span class='yasr-visitor-votes-must-sign-in'>Sie m\u00fcssen sich einloggen, um eine Bewertung abgeben zu k\u00f6nnen.<\/span><\/div>"},"number_of_votes":0,"sum_votes":0},"_links":{"self":[{"href":"https:\/\/www.efcom.de\/es\/wp-json\/wp\/v2\/pages\/60608","targetHints":{"allow":["GET"]}}],"collection":[{"href":"https:\/\/www.efcom.de\/es\/wp-json\/wp\/v2\/pages"}],"about":[{"href":"https:\/\/www.efcom.de\/es\/wp-json\/wp\/v2\/types\/page"}],"author":[{"embeddable":true,"href":"https:\/\/www.efcom.de\/es\/wp-json\/wp\/v2\/users\/5"}],"replies":[{"embeddable":true,"href":"https:\/\/www.efcom.de\/es\/wp-json\/wp\/v2\/comments?post=60608"}],"version-history":[{"count":9,"href":"https:\/\/www.efcom.de\/es\/wp-json\/wp\/v2\/pages\/60608\/revisions"}],"predecessor-version":[{"id":62069,"href":"https:\/\/www.efcom.de\/es\/wp-json\/wp\/v2\/pages\/60608\/revisions\/62069"}],"wp:attachment":[{"href":"https:\/\/www.efcom.de\/es\/wp-json\/wp\/v2\/media?parent=60608"}],"curies":[{"name":"wp","href":"https:\/\/api.w.org\/{rel}","templated":true}]}}