{"id":60682,"date":"2021-09-13T11:06:45","date_gmt":"2021-09-13T09:06:45","guid":{"rendered":"https:\/\/www.efcom.de\/mapa-del-sitio\/"},"modified":"2021-09-13T11:06:45","modified_gmt":"2021-09-13T09:06:45","slug":"mapa-del-sitio","status":"publish","type":"page","link":"https:\/\/www.efcom.de\/es\/mapa-del-sitio\/","title":{"rendered":"Mapa del sitio"},"content":{"rendered":"<div class=\"wpb-content-wrapper\"><p>[vc_row][vc_column][vc_wp_pages title=\u00bbMapa del sitio\u00bb][\/vc_column][\/vc_row]<\/p>\n<\/div>","protected":false},"excerpt":{"rendered":"<p>[vc_row][vc_column][vc_wp_pages title=\u00bbMapa del sitio\u00bb][\/vc_column][\/vc_row]<\/p>\n","protected":false},"author":5,"featured_media":0,"parent":0,"menu_order":0,"comment_status":"closed","ping_status":"closed","template":"","meta":{"yasr_overall_rating":0,"yasr_post_is_review":"","yasr_auto_insert_disabled":"","yasr_review_type":"","footnotes":""},"class_list":["post-60682","page","type-page","status-publish","hentry","description-off"],"yoast_head":"<!-- This site is optimized with the Yoast SEO plugin v27.2 - https:\/\/yoast.com\/product\/yoast-seo-wordpress\/ -->\n<title>Mapa del sitio - efcom gmbh | Proven and efficient standard software for factoring institutes<\/title>\n<meta name=\"description\" content=\"Obtenga una visi\u00f3n general de nuestra gama de informaci\u00f3n, servicios e ideas en l\u00ednea.\" \/>\n<meta name=\"robots\" content=\"index, follow, max-snippet:-1, max-image-preview:large, max-video-preview:-1\" \/>\n<link rel=\"canonical\" href=\"https:\/\/www.efcom.de\/es\/mapa-del-sitio\/\" \/>\n<meta property=\"og:locale\" content=\"es_ES\" \/>\n<meta property=\"og:type\" content=\"article\" \/>\n<meta property=\"og:title\" content=\"Mapa del sitio - efcom gmbh | Proven and efficient standard software for factoring institutes\" \/>\n<meta property=\"og:description\" content=\"Obtenga una visi\u00f3n general de nuestra gama de informaci\u00f3n, servicios e ideas en l\u00ednea.\" \/>\n<meta property=\"og:url\" content=\"https:\/\/www.efcom.de\/es\/mapa-del-sitio\/\" \/>\n<meta property=\"og:site_name\" content=\"efcom gmbh | Proven and efficient standard software for factoring institutes\" \/>\n<meta name=\"twitter:card\" content=\"summary_large_image\" \/>\n<meta name=\"twitter:site\" content=\"@EfcomG\" \/>\n<script type=\"application\/ld+json\" class=\"yoast-schema-graph\">{\"@context\":\"https:\/\/schema.org\",\"@graph\":[{\"@type\":\"WebPage\",\"@id\":\"https:\/\/www.efcom.de\/es\/mapa-del-sitio\/\",\"url\":\"https:\/\/www.efcom.de\/es\/mapa-del-sitio\/\",\"name\":\"Mapa del sitio - efcom gmbh | Proven and efficient standard software for factoring institutes\",\"isPartOf\":{\"@id\":\"https:\/\/www.efcom.de\/es\/#website\"},\"datePublished\":\"2021-09-13T09:06:45+00:00\",\"description\":\"Obtenga una visi\u00f3n general de nuestra gama de informaci\u00f3n, servicios e ideas en l\u00ednea.\",\"breadcrumb\":{\"@id\":\"https:\/\/www.efcom.de\/es\/mapa-del-sitio\/#breadcrumb\"},\"inLanguage\":\"es\",\"potentialAction\":[{\"@type\":\"ReadAction\",\"target\":[\"https:\/\/www.efcom.de\/es\/mapa-del-sitio\/\"]}]},{\"@type\":\"BreadcrumbList\",\"@id\":\"https:\/\/www.efcom.de\/es\/mapa-del-sitio\/#breadcrumb\",\"itemListElement\":[{\"@type\":\"ListItem\",\"position\":1,\"name\":\"Startseite\",\"item\":\"https:\/\/www.efcom.de\/es\/\"},{\"@type\":\"ListItem\",\"position\":2,\"name\":\"Mapa del sitio\"}]},{\"@type\":\"WebSite\",\"@id\":\"https:\/\/www.efcom.de\/es\/#website\",\"url\":\"https:\/\/www.efcom.de\/es\/\",\"name\":\"efcom GmbH | The standard of factoring software\",\"description\":\"\",\"potentialAction\":[{\"@type\":\"SearchAction\",\"target\":{\"@type\":\"EntryPoint\",\"urlTemplate\":\"https:\/\/www.efcom.de\/es\/?s={search_term_string}\"},\"query-input\":{\"@type\":\"PropertyValueSpecification\",\"valueRequired\":true,\"valueName\":\"search_term_string\"}}],\"inLanguage\":\"es\"},false]}<\/script>\n<!-- \/ Yoast SEO plugin. -->","yoast_head_json":{"title":"Mapa del sitio - efcom gmbh | Proven and efficient standard software for factoring institutes","description":"Obtenga una visi\u00f3n general de nuestra gama de informaci\u00f3n, servicios e ideas en l\u00ednea.","robots":{"index":"index","follow":"follow","max-snippet":"max-snippet:-1","max-image-preview":"max-image-preview:large","max-video-preview":"max-video-preview:-1"},"canonical":"https:\/\/www.efcom.de\/es\/mapa-del-sitio\/","og_locale":"es_ES","og_type":"article","og_title":"Mapa del sitio - efcom gmbh | Proven and efficient standard software for factoring institutes","og_description":"Obtenga una visi\u00f3n general de nuestra gama de informaci\u00f3n, servicios e ideas en l\u00ednea.","og_url":"https:\/\/www.efcom.de\/es\/mapa-del-sitio\/","og_site_name":"efcom gmbh | Proven and efficient standard software for factoring institutes","twitter_card":"summary_large_image","twitter_site":"@EfcomG","schema":{"@context":"https:\/\/schema.org","@graph":[{"@type":"WebPage","@id":"https:\/\/www.efcom.de\/es\/mapa-del-sitio\/","url":"https:\/\/www.efcom.de\/es\/mapa-del-sitio\/","name":"Mapa del sitio - efcom gmbh | Proven and efficient standard software for factoring institutes","isPartOf":{"@id":"https:\/\/www.efcom.de\/es\/#website"},"datePublished":"2021-09-13T09:06:45+00:00","description":"Obtenga una visi\u00f3n general de nuestra gama de informaci\u00f3n, servicios e ideas en l\u00ednea.","breadcrumb":{"@id":"https:\/\/www.efcom.de\/es\/mapa-del-sitio\/#breadcrumb"},"inLanguage":"es","potentialAction":[{"@type":"ReadAction","target":["https:\/\/www.efcom.de\/es\/mapa-del-sitio\/"]}]},{"@type":"BreadcrumbList","@id":"https:\/\/www.efcom.de\/es\/mapa-del-sitio\/#breadcrumb","itemListElement":[{"@type":"ListItem","position":1,"name":"Startseite","item":"https:\/\/www.efcom.de\/es\/"},{"@type":"ListItem","position":2,"name":"Mapa del sitio"}]},{"@type":"WebSite","@id":"https:\/\/www.efcom.de\/es\/#website","url":"https:\/\/www.efcom.de\/es\/","name":"efcom GmbH | The standard of factoring software","description":"","potentialAction":[{"@type":"SearchAction","target":{"@type":"EntryPoint","urlTemplate":"https:\/\/www.efcom.de\/es\/?s={search_term_string}"},"query-input":{"@type":"PropertyValueSpecification","valueRequired":true,"valueName":"search_term_string"}}],"inLanguage":"es"},false]}},"yasr_visitor_votes":{"stars_attributes":{"read_only":true,"span_bottom":"<div class='yasr-small-block-bold'><span class='yasr-visitor-votes-must-sign-in'>Sie m\u00fcssen sich einloggen, um eine Bewertung abgeben zu k\u00f6nnen.<\/span><\/div>"},"number_of_votes":0,"sum_votes":0},"_links":{"self":[{"href":"https:\/\/www.efcom.de\/es\/wp-json\/wp\/v2\/pages\/60682","targetHints":{"allow":["GET"]}}],"collection":[{"href":"https:\/\/www.efcom.de\/es\/wp-json\/wp\/v2\/pages"}],"about":[{"href":"https:\/\/www.efcom.de\/es\/wp-json\/wp\/v2\/types\/page"}],"author":[{"embeddable":true,"href":"https:\/\/www.efcom.de\/es\/wp-json\/wp\/v2\/users\/5"}],"replies":[{"embeddable":true,"href":"https:\/\/www.efcom.de\/es\/wp-json\/wp\/v2\/comments?post=60682"}],"version-history":[{"count":2,"href":"https:\/\/www.efcom.de\/es\/wp-json\/wp\/v2\/pages\/60682\/revisions"}],"predecessor-version":[{"id":60684,"href":"https:\/\/www.efcom.de\/es\/wp-json\/wp\/v2\/pages\/60682\/revisions\/60684"}],"wp:attachment":[{"href":"https:\/\/www.efcom.de\/es\/wp-json\/wp\/v2\/media?parent=60682"}],"curies":[{"name":"wp","href":"https:\/\/api.w.org\/{rel}","templated":true}]}}