{"id":72552,"date":"2024-02-02T14:31:40","date_gmt":"2024-02-02T13:31:40","guid":{"rendered":"https:\/\/www.efcom.de\/eventos\/"},"modified":"2025-11-27T12:54:14","modified_gmt":"2025-11-27T11:54:14","slug":"eventos","status":"publish","type":"page","link":"https:\/\/www.efcom.de\/es\/eventos\/","title":{"rendered":"Eventos"},"content":{"rendered":"<div class=\"wpb-content-wrapper\"><p>[vc_row full_width=\u00bbstretch_row_content\u00bb bg_type=\u00bbbg_color\u00bb bg_color_value=\u00bb#ffffff\u00bb css=\u00bb.vc_custom_1706872943696{padding-top: 100px !important;}\u00bb][vc_column width=\u00bb1\/4&#8243; css=\u00bb.vc_custom_1553247983897{padding-top: 50px !important;}\u00bb][\/vc_column][vc_column width=\u00bb1\/2&#8243;]<div id=\"ultimate-heading-675069ecd3680673c\" class=\"uvc-heading ult-adjust-bottom-margin ultimate-heading-675069ecd3680673c uvc-9514 \" data-hspacer=\"no_spacer\"  data-halign=\"center\" style=\"text-align:center\"><div class=\"uvc-heading-spacer no_spacer\" style=\"top\"><\/div><div class=\"uvc-main-heading ult-responsive\"  data-ultimate-target='.uvc-heading.ultimate-heading-675069ecd3680673c h1'  data-responsive-json-new='{\"font-size\":\"desktop:65px;\",\"line-height\":\"\"}' ><h1 style=\"font-family:&#039;Roboto&#039;;font-weight:700;color:#006357;margin-bottom:20px;\">Todos los eventos de un vistazo<\/h1><\/div><div class=\"uvc-sub-heading ult-responsive\"  data-ultimate-target='.uvc-heading.ultimate-heading-675069ecd3680673c .uvc-sub-heading '  data-responsive-json-new='{\"font-size\":\"desktop:35px;\",\"line-height\":\"desktop:45px;\"}'  style=\"font-family:&#039;Roboto&#039;;font-weight:300;color:#006357;margin-top:30px;margin-bottom:70px;\">Con\u00f3zcanos en uno de los pr\u00f3ximos eventos, en vivo y en directo. \u00a1Estamos deseando verte!<\/div><\/div>[\/vc_column][vc_column width=\u00bb1\/4&#8243;][\/vc_column][\/vc_row][vc_row full_width=\u00bbstretch_row_content\u00bb disable_element=\u00bbyes\u00bb bg_type=\u00bbbg_color\u00bb bg_color_value=\u00bb#ffffff\u00bb][vc_column width=\u00bb1\/4&#8243;][\/vc_column][vc_column width=\u00bb1\/4&#8243;]<section class=\"shortcode-teaser img-full\"><div class=\"shortcode-teaser-img\"><a class=\"layzr-bg\" href=\"https:\/\/bcrpub.com\/event\/4th-annual-mena-supply-chain-finance\/\" target=\"_blank\"><img decoding=\"async\" class=\"lazy-load\" src=\"data:image\/svg+xml;charset=utf-8,%3Csvg xmlns%3D&#039;http%3A%2F%2Fwww.w3.org%2F2000%2Fsvg&#039; viewBox%3D&#039;0 0 1280 720&#039;%2F%3E\" width=\"1280\" height=\"720\" data-srcset=\"https:\/\/www.efcom.de\/wp-content\/uploads\/2025\/10\/BCR-Grafik-Events.jpg 1280w\" data-src=\"https:\/\/www.efcom.de\/wp-content\/uploads\/2025\/10\/BCR-Grafik-Events.jpg\" \/><\/a><\/div><div class=\"shortcode-teaser-content text-big\"><p><span style=\"font-family: 'Roboto'; color: #eb9000; font-size: 16pt; font-weight: bold;\"><br \/>\n&gt; <\/span><span style=\"font-family: 'Roboto'; color: #006357; font-size: 13pt;\">La conferencia BCR MENA re\u00fane a importantes l\u00edderes regionales y suprarregionales del sector y, adem\u00e1s de debates de expertos sobre tendencias econ\u00f3micas, novedades normativas e innovaciones del mercado, ofrece oportunidades \u00fanicas para establecer contactos. \u00a1Estamos encantados de participar como patrocinadores!<\/span><\/p>\n<\/div><\/section>[\/vc_column][vc_column width=\u00bb1\/4&#8243;]<section class=\"shortcode-teaser img-full\"><div class=\"shortcode-teaser-img\"><a class=\"layzr-bg\" href=\"https:\/\/smebankingconference.com\/\" target=\"_blank\"><img decoding=\"async\" class=\"lazy-load\" src=\"data:image\/svg+xml;charset=utf-8,%3Csvg xmlns%3D&#039;http%3A%2F%2Fwww.w3.org%2F2000%2Fsvg&#039; viewBox%3D&#039;0 0 1280 720&#039;%2F%3E\" width=\"1280\" height=\"720\" data-srcset=\"https:\/\/www.efcom.de\/wp-content\/uploads\/2025\/10\/SME-Grafik-Events.jpg 1280w\" data-src=\"https:\/\/www.efcom.de\/wp-content\/uploads\/2025\/10\/SME-Grafik-Events.jpg\" \/><\/a><\/div><div class=\"shortcode-teaser-content text-big\"><p><span style=\"font-family: 'Roboto'; color: #eb9000; font-size: 16pt; font-weight: bold;\"><br \/>\n&gt; <\/span><span style=\"font-family: 'Roboto'; color: #006357; font-size: 13pt;\">En la conferencia anual del SME Banking Club para la regi\u00f3n de Europa Central y Oriental (CEE), banqueros comerciales y expertos en tecnolog\u00eda financiera se re\u00fanen para debatir las \u00faltimas tendencias de la transformaci\u00f3n digital en el sector bancario para pymes. Entre los temas principales se encuentran el futuro recorrido del cliente para las pymes y la ciberseguridad. Nosotros tambi\u00e9n estaremos all\u00ed.<\/span><\/p>\n<\/div><\/section>[\/vc_column][vc_column width=\u00bb1\/4&#8243;][\/vc_column][\/vc_row][vc_row full_width=\u00bbstretch_row_content\u00bb disable_element=\u00bbyes\u00bb bg_type=\u00bbbg_color\u00bb css=\u00bb.vc_custom_1764243913645{padding-bottom: 50px !important;}\u00bb bg_color_value=\u00bb#ffffff\u00bb][vc_column width=\u00bb1\/4&#8243;][\/vc_column][vc_column width=\u00bb1\/4&#8243;]<span id=\"creative-link-wrap-1548\" class=\"ult_main_cl ult-adjust-bottom-margin  \" >\n\t \t\t\t<span class=\"ult_cl_link_3  ult_crlink\" >\n\t\t\t\t\t<a  data-ultimate-target='#creative-link-wrap-1548 .ult_colorlink'  data-responsive-json-new='{\"font-size\":\"desktop:18px;\",\"line-height\":\"\"}'  href=\"https:\/\/bcrpub.com\/event\/4th-annual-mena-supply-chain-finance\/\" target=\"_blank\" rel=\"noopener\"  class=\"ult_colorlink ult-responsive \" style=\"float:left;font-family:Roboto;font-weight:500; \"  data-textcolor=\"#eb9000\" data-texthover=\"#006357\"data-style=\"Style_3\">\n\t\t\t\t\t\t\n\t\t\t\t\t\t<span data-hover=\"SABER M\u00c1S\" style=\"color:#eb9000;;;\" class=\"ult_btn10_span   \">SABER M\u00c1S<\/span>\n\t\t\t\t\t\t<span class=\"ult_link_btm3 \" style=\"border-color:#333333;border-bottom-width:1px;border-style:solid;\"><\/span>\n\t\t\t\t\t<\/a>\n\t\t\t\t<\/span>\n\t\t\t<\/span>[\/vc_column][vc_column width=\u00bb1\/4&#8243;]<span id=\"creative-link-wrap-8355\" class=\"ult_main_cl ult-adjust-bottom-margin  \" >\n\t \t\t\t<span class=\"ult_cl_link_3  ult_crlink\" >\n\t\t\t\t\t<a  data-ultimate-target='#creative-link-wrap-8355 .ult_colorlink'  data-responsive-json-new='{\"font-size\":\"desktop:18px;\",\"line-height\":\"\"}'  href=\"https:\/\/smebankingconference.com\/\" target=\"_blank\" rel=\"noopener\"  class=\"ult_colorlink ult-responsive \" style=\"float:left;font-family:Roboto;font-weight:500; \"  data-textcolor=\"#eb9000\" data-texthover=\"#006357\"data-style=\"Style_3\">\n\t\t\t\t\t\t\n\t\t\t\t\t\t<span data-hover=\"SABER M\u00c1S\" style=\"color:#eb9000;;;\" class=\"ult_btn10_span   \">SABER M\u00c1S<\/span>\n\t\t\t\t\t\t<span class=\"ult_link_btm3 \" style=\"border-color:#333333;border-bottom-width:1px;border-style:solid;\"><\/span>\n\t\t\t\t\t<\/a>\n\t\t\t\t<\/span>\n\t\t\t<\/span>[\/vc_column][vc_column width=\u00bb1\/4&#8243;][\/vc_column][\/vc_row][vc_row full_width=\u00bbstretch_row_content\u00bb bg_type=\u00bbbg_color\u00bb bg_color_value=\u00bb#ffffff\u00bb][vc_column width=\u00bb1\/4&#8243;][\/vc_column][vc_column width=\u00bb1\/4&#8243;]<section class=\"shortcode-teaser img-full\"><div class=\"shortcode-teaser-img\"><a class=\"layzr-bg\" href=\"https:\/\/www.tradefinanceglobal.com\/tfg-trade-finance-forum-2025\/\" target=\"_blank\"><img decoding=\"async\" class=\"lazy-load\" src=\"data:image\/svg+xml;charset=utf-8,%3Csvg xmlns%3D&#039;http%3A%2F%2Fwww.w3.org%2F2000%2Fsvg&#039; viewBox%3D&#039;0 0 1280 720&#039;%2F%3E\" width=\"1280\" height=\"720\" data-srcset=\"https:\/\/www.efcom.de\/wp-content\/uploads\/2025\/10\/TFG-Grafik-Events.jpg 1280w\" data-src=\"https:\/\/www.efcom.de\/wp-content\/uploads\/2025\/10\/TFG-Grafik-Events.jpg\" \/><\/a><\/div><div class=\"shortcode-teaser-content text-big\"><p><span style=\"font-family: 'Roboto'; color: #eb9000; font-size: 16pt; font-weight: bold;\"><br \/>\n&gt; <\/span><span style=\"font-family: 'Roboto'; color: #006357; font-size: 13pt;\">El TFG Trade Finance Forum re\u00fane a bancos, instituciones financieras, aseguradoras, corredores, empresas y fintechs para debatir conjuntamente c\u00f3mo se puede apoyar mejor a los actores m\u00e1s peque\u00f1os del ecosistema comercial. Entre los temas que se tratar\u00e1n se encuentran: IA, prevenci\u00f3n del fraude, greenwashing y ESG. Nos mezclaremos entre los m\u00e1s de 200 participantes y ya estamos deseando escuchar a los numerosos ponentes.<\/span><\/p>\n<\/div><\/section>[\/vc_column][vc_column width=\u00bb1\/4&#8243;][\/vc_column][vc_column width=\u00bb1\/4&#8243;][\/vc_column][\/vc_row][vc_row full_width=\u00bbstretch_row_content\u00bb bg_type=\u00bbbg_color\u00bb css=\u00bb.vc_custom_1761649160531{padding-bottom: 120px !important;}\u00bb bg_color_value=\u00bb#ffffff\u00bb][vc_column width=\u00bb1\/4&#8243;][\/vc_column][vc_column width=\u00bb1\/4&#8243;]<span id=\"creative-link-wrap-7607\" class=\"ult_main_cl ult-adjust-bottom-margin  \" >\n\t \t\t\t<span class=\"ult_cl_link_3  ult_crlink\" >\n\t\t\t\t\t<a  data-ultimate-target='#creative-link-wrap-7607 .ult_colorlink'  data-responsive-json-new='{\"font-size\":\"desktop:18px;\",\"line-height\":\"\"}'  href=\"https:\/\/www.tradefinanceglobal.com\/tfg-trade-finance-forum-2025\/\" target=\"_blank\" rel=\"noopener\"  class=\"ult_colorlink ult-responsive \" style=\"float:left;font-family:Roboto;font-weight:500; \"  data-textcolor=\"#eb9000\" data-texthover=\"#006357\"data-style=\"Style_3\">\n\t\t\t\t\t\t\n\t\t\t\t\t\t<span data-hover=\"SABER M\u00c1S\" style=\"color:#eb9000;;;\" class=\"ult_btn10_span   \">SABER M\u00c1S<\/span>\n\t\t\t\t\t\t<span class=\"ult_link_btm3 \" style=\"border-color:#333333;border-bottom-width:1px;border-style:solid;\"><\/span>\n\t\t\t\t\t<\/a>\n\t\t\t\t<\/span>\n\t\t\t<\/span>[\/vc_column][vc_column width=\u00bb1\/4&#8243;][\/vc_column][vc_column width=\u00bb1\/4&#8243;][\/vc_column][\/vc_row]<\/p>\n<\/div>","protected":false},"excerpt":{"rendered":"<p>[vc_row full_width=\u00bbstretch_row_content\u00bb bg_type=\u00bbbg_color\u00bb bg_color_value=\u00bb#ffffff\u00bb css=\u00bb.vc_custom_1706872943696{padding-top: 100px !important;}\u00bb][vc_column width=\u00bb1\/4&#8243; css=\u00bb.vc_custom_1553247983897{padding-top: 50px !important;}\u00bb][\/vc_column][vc_column width=\u00bb1\/2&#8243;][\/vc_column][vc_column width=\u00bb1\/4&#8243;][\/vc_column][\/vc_row][vc_row full_width=\u00bbstretch_row_content\u00bb disable_element=\u00bbyes\u00bb bg_type=\u00bbbg_color\u00bb bg_color_value=\u00bb#ffffff\u00bb][vc_column width=\u00bb1\/4&#8243;][\/vc_column][vc_column width=\u00bb1\/4&#8243;][\/vc_column][vc_column width=\u00bb1\/4&#8243;][\/vc_column][vc_column width=\u00bb1\/4&#8243;][\/vc_column][\/vc_row][vc_row full_width=\u00bbstretch_row_content\u00bb disable_element=\u00bbyes\u00bb bg_type=\u00bbbg_color\u00bb css=\u00bb.vc_custom_1764243913645{padding-bottom: 50px !important;}\u00bb bg_color_value=\u00bb#ffffff\u00bb][vc_column width=\u00bb1\/4&#8243;][\/vc_column][vc_column width=\u00bb1\/4&#8243;][\/vc_column][vc_column width=\u00bb1\/4&#8243;][\/vc_column][vc_column width=\u00bb1\/4&#8243;][\/vc_column][\/vc_row][vc_row full_width=\u00bbstretch_row_content\u00bb bg_type=\u00bbbg_color\u00bb bg_color_value=\u00bb#ffffff\u00bb][vc_column width=\u00bb1\/4&#8243;][\/vc_column][vc_column width=\u00bb1\/4&#8243;][\/vc_column][vc_column width=\u00bb1\/4&#8243;][\/vc_column][vc_column width=\u00bb1\/4&#8243;][\/vc_column][\/vc_row][vc_row full_width=\u00bbstretch_row_content\u00bb bg_type=\u00bbbg_color\u00bb css=\u00bb.vc_custom_1761649160531{padding-bottom: 120px !important;}\u00bb bg_color_value=\u00bb#ffffff\u00bb][vc_column width=\u00bb1\/4&#8243;][\/vc_column][vc_column width=\u00bb1\/4&#8243;][\/vc_column][vc_column width=\u00bb1\/4&#8243;][\/vc_column][vc_column width=\u00bb1\/4&#8243;][\/vc_column][\/vc_row]<\/p>\n","protected":false},"author":5,"featured_media":0,"parent":0,"menu_order":0,"comment_status":"closed","ping_status":"closed","template":"","meta":{"yasr_overall_rating":0,"yasr_post_is_review":"","yasr_auto_insert_disabled":"","yasr_review_type":"","footnotes":""},"class_list":["post-72552","page","type-page","status-publish","hentry","description-off"],"yoast_head":"<!-- This site is optimized with the Yoast SEO plugin v27.2 - https:\/\/yoast.com\/product\/yoast-seo-wordpress\/ -->\n<title>Eventos - efcom gmbh | Proven and efficient standard software for factoring institutes<\/title>\n<meta name=\"description\" content=\"Lea la pol\u00edtica de privacidad de efcom gmbh.\" \/>\n<meta name=\"robots\" content=\"index, follow, max-snippet:-1, max-image-preview:large, max-video-preview:-1\" \/>\n<link rel=\"canonical\" href=\"https:\/\/www.efcom.de\/es\/eventos\/\" \/>\n<meta property=\"og:locale\" content=\"es_ES\" \/>\n<meta property=\"og:type\" content=\"article\" \/>\n<meta property=\"og:title\" content=\"Eventos - efcom gmbh | Proven and efficient standard software for factoring institutes\" \/>\n<meta property=\"og:description\" content=\"Lea la pol\u00edtica de privacidad de efcom gmbh.\" \/>\n<meta property=\"og:url\" content=\"https:\/\/www.efcom.de\/es\/eventos\/\" \/>\n<meta property=\"og:site_name\" content=\"efcom gmbh | Proven and efficient standard software for factoring institutes\" \/>\n<meta property=\"article:modified_time\" content=\"2025-11-27T11:54:14+00:00\" \/>\n<meta name=\"twitter:card\" content=\"summary_large_image\" \/>\n<meta name=\"twitter:site\" content=\"@EfcomG\" \/>\n<meta name=\"twitter:label1\" content=\"Tiempo de lectura\" \/>\n\t<meta name=\"twitter:data1\" content=\"3 minutos\" \/>\n<script type=\"application\/ld+json\" class=\"yoast-schema-graph\">{\"@context\":\"https:\/\/schema.org\",\"@graph\":[{\"@type\":\"WebPage\",\"@id\":\"https:\/\/www.efcom.de\/es\/eventos\/\",\"url\":\"https:\/\/www.efcom.de\/es\/eventos\/\",\"name\":\"Eventos - efcom gmbh | Proven and efficient standard software for factoring institutes\",\"isPartOf\":{\"@id\":\"https:\/\/www.efcom.de\/es\/#website\"},\"datePublished\":\"2024-02-02T13:31:40+00:00\",\"dateModified\":\"2025-11-27T11:54:14+00:00\",\"description\":\"Lea la pol\u00edtica de privacidad de efcom gmbh.\",\"breadcrumb\":{\"@id\":\"https:\/\/www.efcom.de\/es\/eventos\/#breadcrumb\"},\"inLanguage\":\"es\",\"potentialAction\":[{\"@type\":\"ReadAction\",\"target\":[\"https:\/\/www.efcom.de\/es\/eventos\/\"]}]},{\"@type\":\"BreadcrumbList\",\"@id\":\"https:\/\/www.efcom.de\/es\/eventos\/#breadcrumb\",\"itemListElement\":[{\"@type\":\"ListItem\",\"position\":1,\"name\":\"Startseite\",\"item\":\"https:\/\/www.efcom.de\/es\/\"},{\"@type\":\"ListItem\",\"position\":2,\"name\":\"Eventos\"}]},{\"@type\":\"WebSite\",\"@id\":\"https:\/\/www.efcom.de\/es\/#website\",\"url\":\"https:\/\/www.efcom.de\/es\/\",\"name\":\"efcom GmbH | The standard of factoring software\",\"description\":\"\",\"potentialAction\":[{\"@type\":\"SearchAction\",\"target\":{\"@type\":\"EntryPoint\",\"urlTemplate\":\"https:\/\/www.efcom.de\/es\/?s={search_term_string}\"},\"query-input\":{\"@type\":\"PropertyValueSpecification\",\"valueRequired\":true,\"valueName\":\"search_term_string\"}}],\"inLanguage\":\"es\"},false]}<\/script>\n<!-- \/ Yoast SEO plugin. -->","yoast_head_json":{"title":"Eventos - efcom gmbh | Proven and efficient standard software for factoring institutes","description":"Lea la pol\u00edtica de privacidad de efcom gmbh.","robots":{"index":"index","follow":"follow","max-snippet":"max-snippet:-1","max-image-preview":"max-image-preview:large","max-video-preview":"max-video-preview:-1"},"canonical":"https:\/\/www.efcom.de\/es\/eventos\/","og_locale":"es_ES","og_type":"article","og_title":"Eventos - efcom gmbh | Proven and efficient standard software for factoring institutes","og_description":"Lea la pol\u00edtica de privacidad de efcom gmbh.","og_url":"https:\/\/www.efcom.de\/es\/eventos\/","og_site_name":"efcom gmbh | Proven and efficient standard software for factoring institutes","article_modified_time":"2025-11-27T11:54:14+00:00","twitter_card":"summary_large_image","twitter_site":"@EfcomG","twitter_misc":{"Tiempo de lectura":"3 minutos"},"schema":{"@context":"https:\/\/schema.org","@graph":[{"@type":"WebPage","@id":"https:\/\/www.efcom.de\/es\/eventos\/","url":"https:\/\/www.efcom.de\/es\/eventos\/","name":"Eventos - efcom gmbh | Proven and efficient standard software for factoring institutes","isPartOf":{"@id":"https:\/\/www.efcom.de\/es\/#website"},"datePublished":"2024-02-02T13:31:40+00:00","dateModified":"2025-11-27T11:54:14+00:00","description":"Lea la pol\u00edtica de privacidad de efcom gmbh.","breadcrumb":{"@id":"https:\/\/www.efcom.de\/es\/eventos\/#breadcrumb"},"inLanguage":"es","potentialAction":[{"@type":"ReadAction","target":["https:\/\/www.efcom.de\/es\/eventos\/"]}]},{"@type":"BreadcrumbList","@id":"https:\/\/www.efcom.de\/es\/eventos\/#breadcrumb","itemListElement":[{"@type":"ListItem","position":1,"name":"Startseite","item":"https:\/\/www.efcom.de\/es\/"},{"@type":"ListItem","position":2,"name":"Eventos"}]},{"@type":"WebSite","@id":"https:\/\/www.efcom.de\/es\/#website","url":"https:\/\/www.efcom.de\/es\/","name":"efcom GmbH | The standard of factoring software","description":"","potentialAction":[{"@type":"SearchAction","target":{"@type":"EntryPoint","urlTemplate":"https:\/\/www.efcom.de\/es\/?s={search_term_string}"},"query-input":{"@type":"PropertyValueSpecification","valueRequired":true,"valueName":"search_term_string"}}],"inLanguage":"es"},false]}},"yasr_visitor_votes":{"stars_attributes":{"read_only":true,"span_bottom":"<div class='yasr-small-block-bold'><span class='yasr-visitor-votes-must-sign-in'>Sie m\u00fcssen sich einloggen, um eine Bewertung abgeben zu k\u00f6nnen.<\/span><\/div>"},"number_of_votes":0,"sum_votes":0},"_links":{"self":[{"href":"https:\/\/www.efcom.de\/es\/wp-json\/wp\/v2\/pages\/72552","targetHints":{"allow":["GET"]}}],"collection":[{"href":"https:\/\/www.efcom.de\/es\/wp-json\/wp\/v2\/pages"}],"about":[{"href":"https:\/\/www.efcom.de\/es\/wp-json\/wp\/v2\/types\/page"}],"author":[{"embeddable":true,"href":"https:\/\/www.efcom.de\/es\/wp-json\/wp\/v2\/users\/5"}],"replies":[{"embeddable":true,"href":"https:\/\/www.efcom.de\/es\/wp-json\/wp\/v2\/comments?post=72552"}],"version-history":[{"count":27,"href":"https:\/\/www.efcom.de\/es\/wp-json\/wp\/v2\/pages\/72552\/revisions"}],"predecessor-version":[{"id":99521,"href":"https:\/\/www.efcom.de\/es\/wp-json\/wp\/v2\/pages\/72552\/revisions\/99521"}],"wp:attachment":[{"href":"https:\/\/www.efcom.de\/es\/wp-json\/wp\/v2\/media?parent=72552"}],"curies":[{"name":"wp","href":"https:\/\/api.w.org\/{rel}","templated":true}]}}