{"id":97783,"date":"2025-01-09T08:49:21","date_gmt":"2025-01-09T07:49:21","guid":{"rendered":"https:\/\/www.efcom.de\/imprimer\/"},"modified":"2025-01-10T19:26:50","modified_gmt":"2025-01-10T18:26:50","slug":"imprimer","status":"publish","type":"page","link":"https:\/\/www.efcom.de\/fr\/imprimer\/","title":{"rendered":"Imprimer"},"content":{"rendered":"<div class=\"wpb-content-wrapper\"><p>[vc_row full_width=\u00a0\u00bbstretch_row\u00a0\u00bb][vc_column css=\u00a0\u00bb.vc_custom_1553249454354{padding-top: 50px !important;}\u00a0\u00bb]<div id=\"ultimate-heading-922469fc9a0082877\" class=\"uvc-heading ult-adjust-bottom-margin ultimate-heading-922469fc9a0082877 uvc-6367 \" data-hspacer=\"no_spacer\"  data-halign=\"center\" style=\"text-align:center\"><div class=\"uvc-heading-spacer no_spacer\" style=\"top\"><\/div><div class=\"uvc-main-heading ult-responsive\"  data-ultimate-target='.uvc-heading.ultimate-heading-922469fc9a0082877 h2'  data-responsive-json-new='{\"font-size\":\"desktop:40px;\",\"line-height\":\"desktop:40px;\"}' ><h2 style=\"font-family:&#039;Roboto Condensed&#039;;font-weight:700;\">Imprimer<\/h2><\/div><\/div>[\/vc_column][\/vc_row][vc_row css=\u00a0\u00bb.vc_custom_1614243047139{margin-top: 50px !important;margin-right: 20px !important;margin-left: 10px !important;padding-top: 20px !important;padding-bottom: 10px !important;}\u00a0\u00bb][vc_column][vc_column_text css=\u00a0\u00bb\u00a0\u00bb]<\/p>\n<div id=\"content\" class=\"content\" role=\"main\">\n<div class=\"vc_row wpb_row vc_row-fluid\" data-lang=\"Deutsch\">\n<div class=\"wpb_column vc_column_container vc_col-sm-12\">\n<div class=\"vc_column-inner\">\n<div class=\"wpb_wrapper\">\n<div class=\"wpb_text_column wpb_content_element \">\n<div class=\"wpb_wrapper\">\n<p>efcom gmbh est un fournisseur de logiciels ind\u00e9pendant dont le si\u00e8ge est \u00e0 Neu-Isenburg.<br \/>\nElle est inscrite au registre du commerce du tribunal de grande instance d&rsquo;Offenbach sous le num\u00e9ro HRB 35038.<\/p>\n<p>efcom gmbh<br \/>\nMartin-Behaim-Strasse 20<br \/>\n63263 Neu-Isenburg<br \/>\nAllemagne<\/p>\n<p>T\u00e9l\u00e9phone : +49 (0) 61 02 \u2013 8 83 50 \u2013 0 Fax : +49 (0) 61 02 \u2013 8 83 50 \u2013 22<\/p>\n<p>E-mail\u00a0:\u00a0verwaltung@efcom.de<\/p>\n<p>Internet : https:\/\/www.efcom.de<\/p>\n<p>Direction : Martin Hug et Arnulf Romann<\/p>\n<p>Num\u00e9ro d&rsquo;identification TVA pour les mouvements intracommunautaires de marchandises de la soci\u00e9t\u00e9 efcom gmbh, Neu-Isenburg : DE 213058232.<\/p>\n<p>Responsable du contenu : Federico Avell\u00e1n Borgmeyer<\/p>\n<p>Personne de contact pour la zone \u00e9ditoriale : Rasko Peric<\/p>\n<p>Num\u00e9ro D-U-N-S : 314 865 093<\/p>\n<p>Publi\u00e9 par le service d&rsquo;organisation de Neu-Isenburg.<\/p>\n<p>Veuillez adresser vos suggestions ou questions concernant le contenu de ce site Web \u00e0 verwaltung@efcom.de<\/p>\n<p>Statut de l&rsquo;information : mai 2024 \u00a9 efcom gmbh, Neu-Isenburg. Tous droits r\u00e9serv\u00e9s.<\/p>\n<\/div>\n<\/div>\n<\/div>\n<\/div>\n<\/div>\n<\/div>\n<\/div>\n<p>[\/vc_column_text][\/vc_column][\/vc_row]<\/p>\n<\/div>","protected":false},"excerpt":{"rendered":"<p>[vc_row full_width=\u00a0\u00bbstretch_row\u00a0\u00bb][vc_column css=\u00a0\u00bb.vc_custom_1553249454354{padding-top: 50px !important;}\u00a0\u00bb][\/vc_column][\/vc_row][vc_row css=\u00a0\u00bb.vc_custom_1614243047139{margin-top: 50px !important;margin-right: 20px !important;margin-left: 10px !important;padding-top: 20px !important;padding-bottom: 10px !important;}\u00a0\u00bb][vc_column][vc_column_text css=\u00a0\u00bb\u00a0\u00bb] efcom gmbh est un fournisseur de logiciels ind\u00e9pendant dont le si\u00e8ge est \u00e0 Neu-Isenburg. Elle est inscrite au registre du commerce du tribunal de grande instance d&rsquo;Offenbach sous le num\u00e9ro HRB 35038. efcom gmbh Martin-Behaim-Strasse 20 63263 Neu-Isenburg&hellip;<\/p>\n","protected":false},"author":5,"featured_media":0,"parent":0,"menu_order":0,"comment_status":"closed","ping_status":"closed","template":"","meta":{"yasr_overall_rating":0,"yasr_post_is_review":"","yasr_auto_insert_disabled":"","yasr_review_type":"","footnotes":""},"class_list":["post-97783","page","type-page","status-publish","hentry","description-off"],"yoast_head":"<!-- This site is optimized with the Yoast SEO plugin v27.2 - https:\/\/yoast.com\/product\/yoast-seo-wordpress\/ -->\n<title>Imprimer - efcom gmbh | Proven and efficient standard software for factoring institutes<\/title>\n<meta name=\"description\" content=\"D\u00e9couvrez les donn\u00e9es les plus importantes sur efcom gmbh.\" \/>\n<meta name=\"robots\" content=\"index, follow, max-snippet:-1, max-image-preview:large, max-video-preview:-1\" \/>\n<link rel=\"canonical\" href=\"https:\/\/www.efcom.de\/fr\/imprimer\/\" \/>\n<meta property=\"og:locale\" content=\"fr_FR\" \/>\n<meta property=\"og:type\" content=\"article\" \/>\n<meta property=\"og:title\" content=\"Imprimer - efcom gmbh | Proven and efficient standard software for factoring institutes\" \/>\n<meta property=\"og:description\" content=\"D\u00e9couvrez les donn\u00e9es les plus importantes sur efcom gmbh.\" \/>\n<meta property=\"og:url\" content=\"https:\/\/www.efcom.de\/fr\/imprimer\/\" \/>\n<meta property=\"og:site_name\" content=\"efcom gmbh | Proven and efficient standard software for factoring institutes\" \/>\n<meta property=\"article:modified_time\" content=\"2025-01-10T18:26:50+00:00\" \/>\n<meta name=\"twitter:card\" content=\"summary_large_image\" \/>\n<meta name=\"twitter:site\" content=\"@EfcomG\" \/>\n<meta name=\"twitter:label1\" content=\"Dur\u00e9e de lecture estim\u00e9e\" \/>\n\t<meta name=\"twitter:data1\" content=\"2 minutes\" \/>\n<script type=\"application\/ld+json\" class=\"yoast-schema-graph\">{\"@context\":\"https:\/\/schema.org\",\"@graph\":[{\"@type\":\"WebPage\",\"@id\":\"https:\/\/www.efcom.de\/fr\/imprimer\/\",\"url\":\"https:\/\/www.efcom.de\/fr\/imprimer\/\",\"name\":\"Imprimer - efcom gmbh | Proven and efficient standard software for factoring institutes\",\"isPartOf\":{\"@id\":\"https:\/\/www.efcom.de\/fr\/#website\"},\"datePublished\":\"2025-01-09T07:49:21+00:00\",\"dateModified\":\"2025-01-10T18:26:50+00:00\",\"description\":\"D\u00e9couvrez les donn\u00e9es les plus importantes sur efcom gmbh.\",\"breadcrumb\":{\"@id\":\"https:\/\/www.efcom.de\/fr\/imprimer\/#breadcrumb\"},\"inLanguage\":\"fr-FR\",\"potentialAction\":[{\"@type\":\"ReadAction\",\"target\":[\"https:\/\/www.efcom.de\/fr\/imprimer\/\"]}]},{\"@type\":\"BreadcrumbList\",\"@id\":\"https:\/\/www.efcom.de\/fr\/imprimer\/#breadcrumb\",\"itemListElement\":[{\"@type\":\"ListItem\",\"position\":1,\"name\":\"Startseite\",\"item\":\"https:\/\/www.efcom.de\/fr\/\"},{\"@type\":\"ListItem\",\"position\":2,\"name\":\"Imprimer\"}]},{\"@type\":\"WebSite\",\"@id\":\"https:\/\/www.efcom.de\/fr\/#website\",\"url\":\"https:\/\/www.efcom.de\/fr\/\",\"name\":\"efcom GmbH | The standard of factoring software\",\"description\":\"\",\"potentialAction\":[{\"@type\":\"SearchAction\",\"target\":{\"@type\":\"EntryPoint\",\"urlTemplate\":\"https:\/\/www.efcom.de\/fr\/?s={search_term_string}\"},\"query-input\":{\"@type\":\"PropertyValueSpecification\",\"valueRequired\":true,\"valueName\":\"search_term_string\"}}],\"inLanguage\":\"fr-FR\"},false]}<\/script>\n<!-- \/ Yoast SEO plugin. -->","yoast_head_json":{"title":"Imprimer - efcom gmbh | Proven and efficient standard software for factoring institutes","description":"D\u00e9couvrez les donn\u00e9es les plus importantes sur efcom gmbh.","robots":{"index":"index","follow":"follow","max-snippet":"max-snippet:-1","max-image-preview":"max-image-preview:large","max-video-preview":"max-video-preview:-1"},"canonical":"https:\/\/www.efcom.de\/fr\/imprimer\/","og_locale":"fr_FR","og_type":"article","og_title":"Imprimer - efcom gmbh | Proven and efficient standard software for factoring institutes","og_description":"D\u00e9couvrez les donn\u00e9es les plus importantes sur efcom gmbh.","og_url":"https:\/\/www.efcom.de\/fr\/imprimer\/","og_site_name":"efcom gmbh | Proven and efficient standard software for factoring institutes","article_modified_time":"2025-01-10T18:26:50+00:00","twitter_card":"summary_large_image","twitter_site":"@EfcomG","twitter_misc":{"Dur\u00e9e de lecture estim\u00e9e":"2 minutes"},"schema":{"@context":"https:\/\/schema.org","@graph":[{"@type":"WebPage","@id":"https:\/\/www.efcom.de\/fr\/imprimer\/","url":"https:\/\/www.efcom.de\/fr\/imprimer\/","name":"Imprimer - efcom gmbh | Proven and efficient standard software for factoring institutes","isPartOf":{"@id":"https:\/\/www.efcom.de\/fr\/#website"},"datePublished":"2025-01-09T07:49:21+00:00","dateModified":"2025-01-10T18:26:50+00:00","description":"D\u00e9couvrez les donn\u00e9es les plus importantes sur efcom gmbh.","breadcrumb":{"@id":"https:\/\/www.efcom.de\/fr\/imprimer\/#breadcrumb"},"inLanguage":"fr-FR","potentialAction":[{"@type":"ReadAction","target":["https:\/\/www.efcom.de\/fr\/imprimer\/"]}]},{"@type":"BreadcrumbList","@id":"https:\/\/www.efcom.de\/fr\/imprimer\/#breadcrumb","itemListElement":[{"@type":"ListItem","position":1,"name":"Startseite","item":"https:\/\/www.efcom.de\/fr\/"},{"@type":"ListItem","position":2,"name":"Imprimer"}]},{"@type":"WebSite","@id":"https:\/\/www.efcom.de\/fr\/#website","url":"https:\/\/www.efcom.de\/fr\/","name":"efcom GmbH | The standard of factoring software","description":"","potentialAction":[{"@type":"SearchAction","target":{"@type":"EntryPoint","urlTemplate":"https:\/\/www.efcom.de\/fr\/?s={search_term_string}"},"query-input":{"@type":"PropertyValueSpecification","valueRequired":true,"valueName":"search_term_string"}}],"inLanguage":"fr-FR"},false]}},"yasr_visitor_votes":{"stars_attributes":{"read_only":true,"span_bottom":"<div class='yasr-small-block-bold'><span class='yasr-visitor-votes-must-sign-in'>Sie m\u00fcssen sich einloggen, um eine Bewertung abgeben zu k\u00f6nnen.<\/span><\/div>"},"number_of_votes":0,"sum_votes":0},"_links":{"self":[{"href":"https:\/\/www.efcom.de\/fr\/wp-json\/wp\/v2\/pages\/97783","targetHints":{"allow":["GET"]}}],"collection":[{"href":"https:\/\/www.efcom.de\/fr\/wp-json\/wp\/v2\/pages"}],"about":[{"href":"https:\/\/www.efcom.de\/fr\/wp-json\/wp\/v2\/types\/page"}],"author":[{"embeddable":true,"href":"https:\/\/www.efcom.de\/fr\/wp-json\/wp\/v2\/users\/5"}],"replies":[{"embeddable":true,"href":"https:\/\/www.efcom.de\/fr\/wp-json\/wp\/v2\/comments?post=97783"}],"version-history":[{"count":6,"href":"https:\/\/www.efcom.de\/fr\/wp-json\/wp\/v2\/pages\/97783\/revisions"}],"predecessor-version":[{"id":98339,"href":"https:\/\/www.efcom.de\/fr\/wp-json\/wp\/v2\/pages\/97783\/revisions\/98339"}],"wp:attachment":[{"href":"https:\/\/www.efcom.de\/fr\/wp-json\/wp\/v2\/media?parent=97783"}],"curies":[{"name":"wp","href":"https:\/\/api.w.org\/{rel}","templated":true}]}}