{"id":97810,"date":"2025-01-09T11:03:04","date_gmt":"2025-01-09T10:03:04","guid":{"rendered":"https:\/\/www.efcom.de\/solutions\/7eme-phase-du-projet-go-live\/"},"modified":"2025-01-10T13:25:05","modified_gmt":"2025-01-10T12:25:05","slug":"7_mise-en-ligne","status":"publish","type":"page","link":"https:\/\/www.efcom.de\/fr\/solutions\/7_mise-en-ligne\/","title":{"rendered":"7\u00e8me phase du projet\u00a0: Mise en ligne"},"content":{"rendered":"<div class=\"wpb-content-wrapper\"><p>[vc_row css=\u00a0\u00bb.vc_custom_1551364914626{margin-bottom: 50px !important;}\u00a0\u00bb][vc_column]<div class=\"ult-animation  ult-animate-viewport  ult-no-mobile \" data-animate=\"zoomIn\" data-animation-delay=\"0\" data-animation-duration=\"2\" data-animation-iteration=\"1\" style=\"opacity:0;\" data-opacity_start_effect=\"\"><div id=\"ultimate-heading-219469fc9c48a9c98\" class=\"uvc-heading ult-adjust-bottom-margin ultimate-heading-219469fc9c48a9c98 uvc-7044 \" data-hspacer=\"no_spacer\"  data-halign=\"center\" style=\"text-align:center\"><div class=\"uvc-heading-spacer no_spacer\" style=\"top\"><\/div><div class=\"uvc-main-heading ult-responsive\"  data-ultimate-target='.uvc-heading.ultimate-heading-219469fc9c48a9c98 h2'  data-responsive-json-new='{\"font-size\":\"desktop:54px;\",\"line-height\":\"desktop:64px;\"}' ><h2 style=\"font-family:&#039;Roboto Condensed&#039;;font-weight:300;\">7\u00e8me phase : mise en ligne<\/h2><\/div><\/div><\/div>[\/vc_column][\/vc_row][vc_row][vc_column][vc_cta h2=\u00a0\u00bb\u00a0\u00bb]<strong>Une fois que toutes vos donn\u00e9es ont \u00e9t\u00e9 migr\u00e9es, il est temps de mettre votre nouveau syst\u00e8me en ligne.<\/strong> Si vous le souhaitez, nous nous ferons un plaisir de vous assister sur place. Et voil\u00e0, vous pouvez saluer votre nouvelle solution ! Mais que se passe-t-il maintenant ? Nous sommes toujours l\u00e0 pour vous aider et vous conseiller lorsque vous en avez besoin, dans le cadre d&rsquo;une relation d&rsquo;affaires \u00e0 long terme.[\/vc_cta][\/vc_column][\/vc_row][vc_row css_animation=\u00a0\u00bbfadeInDown\u00a0\u00bb title=\u00a0\u00bbMehr erfahren\u00a0\u00bb style=\u00a0\u00bboutline-custom\u00a0\u00bb gradient_color_1=\u00a0\u00bbturquoise\u00a0\u00bb gradient_color_2=\u00a0\u00bbblue\u00a0\u00bb gradient_custom_color_1=\u00a0\u00bb#dd3333&Prime; gradient_custom_color_2=\u00a0\u00bb#eeee22&Prime; gradient_text_color=\u00a0\u00bb#ffffff\u00a0\u00bb custom_background=\u00a0\u00bb#ededed\u00a0\u00bb custom_text=\u00a0\u00bb#666666&Prime; outline_custom_color=\u00a0\u00bb#eb9000&Prime; outline_custom_hover_background=\u00a0\u00bb#eb9000&Prime; outline_custom_hover_text=\u00a0\u00bb#ffffff\u00a0\u00bb shape=\u00a0\u00bbround\u00a0\u00bb color=\u00a0\u00bbgrey\u00a0\u00bb size=\u00a0\u00bbmd\u00a0\u00bb align=\u00a0\u00bbcenter\u00a0\u00bb button_block=\u00a0\u00bb\u00a0\u00bb add_icon=\u00a0\u00bb\u00a0\u00bb i_align=\u00a0\u00bbleft\u00a0\u00bb i_type=\u00a0\u00bbfontawesome\u00a0\u00bb i_icon_the7=\u00a0\u00bb\u00a0\u00bb i_icon_fontawesome=\u00a0\u00bbfa fa-adjust\u00a0\u00bb i_icon_openiconic=\u00a0\u00bbvc-oi vc-oi-dial\u00a0\u00bb i_icon_typicons=\u00a0\u00bbtypcn typcn-adjust-brightness\u00a0\u00bb i_icon_entypo=\u00a0\u00bbentypo-icon entypo-icon-note\u00a0\u00bb i_icon_linecons=\u00a0\u00bbvc_li vc_li-heart\u00a0\u00bb i_icon_monosocial=\u00a0\u00bbvc-mono vc-mono-fivehundredpx\u00a0\u00bb i_icon_material=\u00a0\u00bbvc-material vc-material-cake\u00a0\u00bb i_icon_pixelicons=\u00a0\u00bbvc_pixel_icon vc_pixel_icon-alert\u00a0\u00bb custom_onclick=\u00a0\u00bb\u00a0\u00bb smooth_scroll=\u00a0\u00bb\u00a0\u00bb link=\u00a0\u00bburl:http%3A%2F%2Fwww.efcom.de%2Floesungen%2F|||\u00a0\u00bb custom_onclick_code=\u00a0\u00bb\u00a0\u00bb][vc_column][vc_btn title=\u00a0\u00bbdos\u00a0\u00bb style=\u00a0\u00bboutline-custom\u00a0\u00bb outline_custom_color=\u00a0\u00bb#eb9000&Prime; outline_custom_hover_background=\u00a0\u00bb#eb9000&Prime; outline_custom_hover_text=\u00a0\u00bb#ffffff\u00a0\u00bb shape=\u00a0\u00bbround\u00a0\u00bb size=\u00a0\u00bblg\u00a0\u00bb align=\u00a0\u00bbcenter\u00a0\u00bb css_animation=\u00a0\u00bbnone\u00a0\u00bb css=\u00a0\u00bb\u00a0\u00bb link=\u00a0\u00bburl:https%3A%2F%2Fwww.efcom.de%2Ffr%2Fsolutions%2F%23phasen_fr\u00a0\u00bb][\/vc_column][\/vc_row]<\/p>\n<\/div>","protected":false},"excerpt":{"rendered":"<p>[vc_row css=\u00a0\u00bb.vc_custom_1551364914626{margin-bottom: 50px !important;}\u00a0\u00bb][vc_column][\/vc_column][\/vc_row][vc_row][vc_column][vc_cta h2=\u00a0\u00bb\u00a0\u00bb]Une fois que toutes vos donn\u00e9es ont \u00e9t\u00e9 migr\u00e9es, il est temps de mettre votre nouveau syst\u00e8me en ligne. Si vous le souhaitez, nous nous ferons un plaisir de vous assister sur place. Et voil\u00e0, vous pouvez saluer votre nouvelle solution ! Mais que se passe-t-il maintenant ? Nous sommes toujours&hellip;<\/p>\n","protected":false},"author":5,"featured_media":0,"parent":97789,"menu_order":0,"comment_status":"closed","ping_status":"closed","template":"","meta":{"yasr_overall_rating":0,"yasr_post_is_review":"","yasr_auto_insert_disabled":"","yasr_review_type":"","footnotes":""},"class_list":["post-97810","page","type-page","status-publish","hentry","description-off"],"yoast_head":"<!-- This site is optimized with the Yoast SEO plugin v27.2 - https:\/\/yoast.com\/product\/yoast-seo-wordpress\/ -->\n<title>7\u00e8me phase du projet\u00a0: Mise en ligne - efcom gmbh | Proven and efficient standard software for factoring institutes<\/title>\n<meta name=\"description\" content=\"Notre gestion de projet comprend plusieurs phases : Au cours de la septi\u00e8me phase, la mise en service finale du nouveau syst\u00e8me a lieu.\" \/>\n<meta name=\"robots\" content=\"index, follow, max-snippet:-1, max-image-preview:large, max-video-preview:-1\" \/>\n<link rel=\"canonical\" href=\"https:\/\/www.efcom.de\/fr\/solutions\/7_mise-en-ligne\/\" \/>\n<meta property=\"og:locale\" content=\"fr_FR\" \/>\n<meta property=\"og:type\" content=\"article\" \/>\n<meta property=\"og:title\" content=\"7\u00e8me phase du projet\u00a0: Mise en ligne - efcom gmbh | Proven and efficient standard software for factoring institutes\" \/>\n<meta property=\"og:description\" content=\"Notre gestion de projet comprend plusieurs phases : Au cours de la septi\u00e8me phase, la mise en service finale du nouveau syst\u00e8me a lieu.\" \/>\n<meta property=\"og:url\" content=\"https:\/\/www.efcom.de\/fr\/solutions\/7_mise-en-ligne\/\" \/>\n<meta property=\"og:site_name\" content=\"efcom gmbh | Proven and efficient standard software for factoring institutes\" \/>\n<meta property=\"article:modified_time\" content=\"2025-01-10T12:25:05+00:00\" \/>\n<meta name=\"twitter:card\" content=\"summary_large_image\" \/>\n<meta name=\"twitter:site\" content=\"@EfcomG\" \/>\n<meta name=\"twitter:label1\" content=\"Dur\u00e9e de lecture estim\u00e9e\" \/>\n\t<meta name=\"twitter:data1\" content=\"1 minute\" \/>\n<script type=\"application\/ld+json\" class=\"yoast-schema-graph\">{\"@context\":\"https:\/\/schema.org\",\"@graph\":[{\"@type\":\"WebPage\",\"@id\":\"https:\/\/www.efcom.de\/fr\/solutions\/7_mise-en-ligne\/\",\"url\":\"https:\/\/www.efcom.de\/fr\/solutions\/7_mise-en-ligne\/\",\"name\":\"7\u00e8me phase du projet\u00a0: Mise en ligne - efcom gmbh | Proven and efficient standard software for factoring institutes\",\"isPartOf\":{\"@id\":\"https:\/\/www.efcom.de\/fr\/#website\"},\"datePublished\":\"2025-01-09T10:03:04+00:00\",\"dateModified\":\"2025-01-10T12:25:05+00:00\",\"description\":\"Notre gestion de projet comprend plusieurs phases : Au cours de la septi\u00e8me phase, la mise en service finale du nouveau syst\u00e8me a lieu.\",\"breadcrumb\":{\"@id\":\"https:\/\/www.efcom.de\/fr\/solutions\/7_mise-en-ligne\/#breadcrumb\"},\"inLanguage\":\"fr-FR\",\"potentialAction\":[{\"@type\":\"ReadAction\",\"target\":[\"https:\/\/www.efcom.de\/fr\/solutions\/7_mise-en-ligne\/\"]}]},{\"@type\":\"BreadcrumbList\",\"@id\":\"https:\/\/www.efcom.de\/fr\/solutions\/7_mise-en-ligne\/#breadcrumb\",\"itemListElement\":[{\"@type\":\"ListItem\",\"position\":1,\"name\":\"Startseite\",\"item\":\"https:\/\/www.efcom.de\/fr\/\"},{\"@type\":\"ListItem\",\"position\":2,\"name\":\"Solutions\",\"item\":\"https:\/\/www.efcom.de\/fr\/solutions\/\"},{\"@type\":\"ListItem\",\"position\":3,\"name\":\"7\u00e8me phase du projet\u00a0: Mise en ligne\"}]},{\"@type\":\"WebSite\",\"@id\":\"https:\/\/www.efcom.de\/fr\/#website\",\"url\":\"https:\/\/www.efcom.de\/fr\/\",\"name\":\"efcom GmbH | The standard of factoring software\",\"description\":\"\",\"potentialAction\":[{\"@type\":\"SearchAction\",\"target\":{\"@type\":\"EntryPoint\",\"urlTemplate\":\"https:\/\/www.efcom.de\/fr\/?s={search_term_string}\"},\"query-input\":{\"@type\":\"PropertyValueSpecification\",\"valueRequired\":true,\"valueName\":\"search_term_string\"}}],\"inLanguage\":\"fr-FR\"},false]}<\/script>\n<!-- \/ Yoast SEO plugin. -->","yoast_head_json":{"title":"7\u00e8me phase du projet\u00a0: Mise en ligne - efcom gmbh | Proven and efficient standard software for factoring institutes","description":"Notre gestion de projet comprend plusieurs phases : Au cours de la septi\u00e8me phase, la mise en service finale du nouveau syst\u00e8me a lieu.","robots":{"index":"index","follow":"follow","max-snippet":"max-snippet:-1","max-image-preview":"max-image-preview:large","max-video-preview":"max-video-preview:-1"},"canonical":"https:\/\/www.efcom.de\/fr\/solutions\/7_mise-en-ligne\/","og_locale":"fr_FR","og_type":"article","og_title":"7\u00e8me phase du projet\u00a0: Mise en ligne - efcom gmbh | Proven and efficient standard software for factoring institutes","og_description":"Notre gestion de projet comprend plusieurs phases : Au cours de la septi\u00e8me phase, la mise en service finale du nouveau syst\u00e8me a lieu.","og_url":"https:\/\/www.efcom.de\/fr\/solutions\/7_mise-en-ligne\/","og_site_name":"efcom gmbh | Proven and efficient standard software for factoring institutes","article_modified_time":"2025-01-10T12:25:05+00:00","twitter_card":"summary_large_image","twitter_site":"@EfcomG","twitter_misc":{"Dur\u00e9e de lecture estim\u00e9e":"1 minute"},"schema":{"@context":"https:\/\/schema.org","@graph":[{"@type":"WebPage","@id":"https:\/\/www.efcom.de\/fr\/solutions\/7_mise-en-ligne\/","url":"https:\/\/www.efcom.de\/fr\/solutions\/7_mise-en-ligne\/","name":"7\u00e8me phase du projet\u00a0: Mise en ligne - efcom gmbh | Proven and efficient standard software for factoring institutes","isPartOf":{"@id":"https:\/\/www.efcom.de\/fr\/#website"},"datePublished":"2025-01-09T10:03:04+00:00","dateModified":"2025-01-10T12:25:05+00:00","description":"Notre gestion de projet comprend plusieurs phases : Au cours de la septi\u00e8me phase, la mise en service finale du nouveau syst\u00e8me a lieu.","breadcrumb":{"@id":"https:\/\/www.efcom.de\/fr\/solutions\/7_mise-en-ligne\/#breadcrumb"},"inLanguage":"fr-FR","potentialAction":[{"@type":"ReadAction","target":["https:\/\/www.efcom.de\/fr\/solutions\/7_mise-en-ligne\/"]}]},{"@type":"BreadcrumbList","@id":"https:\/\/www.efcom.de\/fr\/solutions\/7_mise-en-ligne\/#breadcrumb","itemListElement":[{"@type":"ListItem","position":1,"name":"Startseite","item":"https:\/\/www.efcom.de\/fr\/"},{"@type":"ListItem","position":2,"name":"Solutions","item":"https:\/\/www.efcom.de\/fr\/solutions\/"},{"@type":"ListItem","position":3,"name":"7\u00e8me phase du projet\u00a0: Mise en ligne"}]},{"@type":"WebSite","@id":"https:\/\/www.efcom.de\/fr\/#website","url":"https:\/\/www.efcom.de\/fr\/","name":"efcom GmbH | The standard of factoring software","description":"","potentialAction":[{"@type":"SearchAction","target":{"@type":"EntryPoint","urlTemplate":"https:\/\/www.efcom.de\/fr\/?s={search_term_string}"},"query-input":{"@type":"PropertyValueSpecification","valueRequired":true,"valueName":"search_term_string"}}],"inLanguage":"fr-FR"},false]}},"yasr_visitor_votes":{"stars_attributes":{"read_only":true,"span_bottom":"<div class='yasr-small-block-bold'><span class='yasr-visitor-votes-must-sign-in'>Sie m\u00fcssen sich einloggen, um eine Bewertung abgeben zu k\u00f6nnen.<\/span><\/div>"},"number_of_votes":0,"sum_votes":0},"_links":{"self":[{"href":"https:\/\/www.efcom.de\/fr\/wp-json\/wp\/v2\/pages\/97810","targetHints":{"allow":["GET"]}}],"collection":[{"href":"https:\/\/www.efcom.de\/fr\/wp-json\/wp\/v2\/pages"}],"about":[{"href":"https:\/\/www.efcom.de\/fr\/wp-json\/wp\/v2\/types\/page"}],"author":[{"embeddable":true,"href":"https:\/\/www.efcom.de\/fr\/wp-json\/wp\/v2\/users\/5"}],"replies":[{"embeddable":true,"href":"https:\/\/www.efcom.de\/fr\/wp-json\/wp\/v2\/comments?post=97810"}],"version-history":[{"count":5,"href":"https:\/\/www.efcom.de\/fr\/wp-json\/wp\/v2\/pages\/97810\/revisions"}],"predecessor-version":[{"id":97883,"href":"https:\/\/www.efcom.de\/fr\/wp-json\/wp\/v2\/pages\/97810\/revisions\/97883"}],"up":[{"embeddable":true,"href":"https:\/\/www.efcom.de\/fr\/wp-json\/wp\/v2\/pages\/97789"}],"wp:attachment":[{"href":"https:\/\/www.efcom.de\/fr\/wp-json\/wp\/v2\/media?parent=97810"}],"curies":[{"name":"wp","href":"https:\/\/api.w.org\/{rel}","templated":true}]}}